{"id":2,"date":"2022-04-29T11:24:50","date_gmt":"2022-04-29T11:24:50","guid":{"rendered":"https:\/\/alutagusemaa.ee\/kauksirannahoone\/?page_id=2"},"modified":"2025-04-25T07:19:01","modified_gmt":"2025-04-25T07:19:01","slug":"demoleht","status":"publish","type":"page","link":"https:\/\/alutagusemaa.ee\/kauksirannahoone\/","title":{"rendered":"Avaleht"},"content":{"rendered":"\n<div class=\"wp-block-edhotels-background-image undefined background alignfull intro\" style=\"min-height:100vh\"><div class=\"side-bar\"><\/div><img width=\"1920\" height=\"1159\" src=\"https:\/\/alutagusemaa.ee\/kauksirannahoone\/wp-content\/uploads\/sites\/2\/2023\/06\/suvi_kauksirannahoones_web.jpg\" alt=\"\" loading=\"lazy\" style=\"object-position:50% 50%\" class=\"wp-image-347\" srcset=\"https:\/\/alutagusemaa.ee\/kauksirannahoone\/wp-content\/uploads\/sites\/2\/2023\/06\/suvi_kauksirannahoones_web.jpg 1920w, https:\/\/alutagusemaa.ee\/kauksirannahoone\/wp-content\/uploads\/sites\/2\/2023\/06\/suvi_kauksirannahoones_web-300x181.jpg 300w, https:\/\/alutagusemaa.ee\/kauksirannahoone\/wp-content\/uploads\/sites\/2\/2023\/06\/suvi_kauksirannahoones_web-1024x618.jpg 1024w, https:\/\/alutagusemaa.ee\/kauksirannahoone\/wp-content\/uploads\/sites\/2\/2023\/06\/suvi_kauksirannahoones_web-768x464.jpg 768w, https:\/\/alutagusemaa.ee\/kauksirannahoone\/wp-content\/uploads\/sites\/2\/2023\/06\/suvi_kauksirannahoones_web-1536x927.jpg 1536w\" sizes=\"(max-width: 1920px) 100vw, 1920px\" \/><\/div>\n\n\n\n<div class=\"wp-block-edhotels-big-heading intro\"><h1>KAUKSI RANNAHOONE<\/h1><\/div>\n\n\n\n<div class=\"wp-container-2 wp-block-group intro has-darkgrey-color has-white-background-color has-text-color has-background\">\n<p>Kauksi rannahoone \u00e4ratab head m\u00e4lestused ellu! Kas m\u00e4letad neid lapsep\u00f5lvesuvesid, mil sai p\u00e4evade kaupa paljajalu k\u00f5rgete m\u00e4ndide vahel joostud, okkad liivasel pinnal tallaaluseid torkimas? Vees sai m\u00e4ngitud nii kaua kuni s\u00f5rmed olid krimpsus ja huuled lillad. K\u00fclm ei olnud, aga ema ja vanaema k\u00e4skisid millegip\u00e4rast ikka veest v\u00e4lja tulla. Siis sai istuda rannar\u00e4tikul ja liivaste n\u00e4ppudega kodust kaasav\u00f5etud juustusaiu mugida. Aeg-ajalt k\u00f5ndis m\u00f6\u00f6da m\u00fc\u00fcja, kelle k\u00e4est sai Eskimo j\u00e4\u00e4tist osta. Aastad l\u00e4ksid ja Kauksi rand j\u00e4i ning lapsep\u00f5lvesuvedest said malevasuved. P\u00e4evad olid kuumad, aga siis tundusid \u00f6\u00f6d vaat et kuumemadki.<\/p>\n\n\n\n<p>Suved on siin endiselt t\u00e4pselt sama palavad nagu lapsep\u00f5lves. Paljude jaoks helgelt nostalgiline Kauksi rand, legendaarsed laulvad liivad ja Eesti pikim liivariba on t\u00e4pselt sama koha peal. Uus on aga 2021. aastal avatud Kauksi rannahoone. KAOS arhitektide Toomas Adrikorni ja Margit Aule projekteeritud avar, L-kujuline hoone avaneb vaadetega Peipsi j\u00e4rvele ning on loodud teenindama ranna k\u00fclastajaid. V\u00f5ime etteruttavalt mainida, et siia on ka s\u00fcgistuulte eest m\u00f5nus varjule pugeda. Oled teretulnud!<\/p>\n\n\n\n<p><strong>KAUKSI RANNAHOONES PAKUTAVAD TEENUSED<\/strong><\/p>\n\n\n\n<ul><li>Bokside rent<\/li><li>Seminariruumi rent<\/li><li>V\u00e4lim\u00fc\u00fcgiplatside rent<\/li><li>Spordivahendite laenutus<\/li><\/ul>\n\n\n\n<p><strong>Territooriumil v\u00f5imalik korraldada \u00fcritusi ja kontserte<\/strong><\/p>\n\n\n\n<p>Avalikuks kasutamiseks on pesuruumid ja wc-d.<\/p>\n\n\n\n<p>Arendmisel on ajutiseks kasutamiseks hoiukappide s\u00fcsteem.<\/p>\n\n\n\n<p>Ruumide rentimise ja toitlustuse broneeringuid rannahoones haldab.<\/p>\n\n\n\n<p>Catering Kene O\u00dc (<a href=\"mailto:info@cateringkene.ee\">info@cateringkene.ee<\/a>, tel <a>(+372) 5699 3221<\/a><\/p>\n\n\n\n<div class=\"wp-container-1 wp-block-buttons\">\n<div class=\"wp-block-button\"><a class=\"wp-block-button__link\" href=\"https:\/\/www.alutagusevald.ee\/alutagusemaa\">projekt nr 2014-2020.5.04.17-0232 \u201eKauksi rannapromenaadi v\u00e4ljaehitamine&#8221;<\/a><\/div>\n<\/div>\n\n\n\n<div class=\"wp-block-columns\">\n<div class=\"wp-block-column\" style=\"flex-basis:100%\"><\/div>\n<\/div>\n\n\n\n<figure class=\"wp-block-image size-full is-resized\"><img loading=\"lazy\" src=\"https:\/\/alutagusemaa.ee\/kauksirannahoone\/wp-content\/uploads\/sites\/2\/2024\/06\/KAUKSI_logo_gray.jpeg\" alt=\"\" class=\"wp-image-402\" width=\"168\" height=\"175\" srcset=\"https:\/\/alutagusemaa.ee\/kauksirannahoone\/wp-content\/uploads\/sites\/2\/2024\/06\/KAUKSI_logo_gray.jpeg 828w, https:\/\/alutagusemaa.ee\/kauksirannahoone\/wp-content\/uploads\/sites\/2\/2024\/06\/KAUKSI_logo_gray-288x300.jpeg 288w, https:\/\/alutagusemaa.ee\/kauksirannahoone\/wp-content\/uploads\/sites\/2\/2024\/06\/KAUKSI_logo_gray-768x801.jpeg 768w\" sizes=\"(max-width: 168px) 100vw, 168px\" \/><\/figure>\n<\/div>\n\n\n\n<p><\/p>\n\n\n<div class=\"custom-shift-block\" style=\"position: relative; margin-top: -90px; z-index:2\">\n<div class=\"wp-block-edhotels-background-image undefined background alignfull\" style=\"min-height:100vh\"><img width=\"1920\" height=\"1147\" src=\"https:\/\/alutagusemaa.ee\/kauksirannahoone\/wp-content\/uploads\/sites\/2\/2023\/06\/suvi_kauksi_web.jpg\" alt=\"\" loading=\"lazy\" style=\"object-position:50% 50%\" class=\"wp-image-351\" srcset=\"https:\/\/alutagusemaa.ee\/kauksirannahoone\/wp-content\/uploads\/sites\/2\/2023\/06\/suvi_kauksi_web.jpg 1920w, https:\/\/alutagusemaa.ee\/kauksirannahoone\/wp-content\/uploads\/sites\/2\/2023\/06\/suvi_kauksi_web-300x179.jpg 300w, https:\/\/alutagusemaa.ee\/kauksirannahoone\/wp-content\/uploads\/sites\/2\/2023\/06\/suvi_kauksi_web-1024x612.jpg 1024w, https:\/\/alutagusemaa.ee\/kauksirannahoone\/wp-content\/uploads\/sites\/2\/2023\/06\/suvi_kauksi_web-768x459.jpg 768w, https:\/\/alutagusemaa.ee\/kauksirannahoone\/wp-content\/uploads\/sites\/2\/2023\/06\/suvi_kauksi_web-1536x918.jpg 1536w\" sizes=\"(max-width: 1920px) 100vw, 1920px\" \/><\/div>\n<\/div>\n\n<div class=\"custom-shift-block\" style=\"position: relative; margin-top: -250px; z-index:2\">\n<div class=\"wp-block-edhotels-big-heading\" id=\"umbrus\"><h2>\u00fcmbrus<\/h2><\/div>\n<\/div>\n\n\n<div class=\"wp-container-4 wp-block-group has-black-color has-text-color has-white-background-color has-background\">\n<p>Kauksi rannahoone asub erakordses kohas. \u00dcmbritsevas m\u00e4nnimetsas on kosutav jalutada v\u00f5i jalgrattaga s\u00f5ita olenemata ilmast. Kauksi luidetel ja m\u00e4nniku all lookleb piki Peipsi kallast ligi kilomeetri pikkune laudtee, mis on sopistatud vaateplatvormide ja istumiskohtadega.<\/p>\n\n\n\n<p>Rannapromenaadil on laste m\u00e4nguv\u00e4ljakud, kaks v\u00f5rkpalliplatsi, t\u00e4navakorvpalliplats, 16 elemendiga v\u00e4lij\u00f5usaal ning varjualustega piknikuala, mida suviti kasutatakse vaba\u00f5hukontsertide lavana. Nii v\u00f5ib siin elava muusika saatel nautida n\u00e4iteks Muinastulede \u00f6\u00f6d ja teisigi romantilisi vaba\u00f5hukontserte.<\/p>\n\n\n\n<p>Lisaks on promenaadil lamamistoolid, rannapingid, riietuskabiinid ja v\u00e4lidu\u0161\u0161, mis on m\u00f5eldud kasutamiseks k\u00f5igile rannam\u00f5nude nautijatele ning tualetid. Suviti on avatud pop-up terrassikohvik.<\/p>\n\n\n\n<p>Kauksi rannapromenaadi ja -hoone rajamist on rahastatud Piirkondade konkurentsiv\u00f5ime tugevdamise meetmest.<\/p>\n\n\n\n<div class=\"wp-container-3 wp-block-buttons\">\n<div class=\"wp-block-button\"><a class=\"wp-block-button__link\" href=\"https:\/\/alutagusemaa.ee\/kauksirannahoone\/avasta-kauksit\/\">Loe l\u00e4hemalt<\/a><\/div>\n<\/div>\n<\/div>\n\n\n\n<div style=\"height:148px\" aria-hidden=\"true\" class=\"wp-block-spacer\"><\/div>\n\n\n\n<div class=\"wp-block-edhotels-big-heading\" id=\"galerii\"><h2>Galerii<\/h2><\/div>\n\n\n\n<div class=\"wp-block-edhotels-grid-gallery gallery-items\"><a class=\"gallery-item\" data-fslightbox=\"\" href=\"https:\/\/alutagusemaa.ee\/kauksirannahoone\/wp-content\/uploads\/sites\/2\/2022\/04\/Snitsel_02-1.jpg\" data-src=\"https:\/\/alutagusemaa.ee\/kauksirannahoone\/wp-content\/uploads\/sites\/2\/2022\/04\/Snitsel_02-1.jpg\"><div class=\"gallery-item-content\"><p><\/p><\/div><img width=\"1024\" height=\"682\" src=\"https:\/\/alutagusemaa.ee\/kauksirannahoone\/wp-content\/uploads\/sites\/2\/2022\/04\/Snitsel_02-1-1024x682.jpg\" alt=\"\" loading=\"lazy\" class=\"gallery-img lazy loaded wp-image-20\" data-was-processed=\"true\" data-id=\"20\" srcset=\"https:\/\/alutagusemaa.ee\/kauksirannahoone\/wp-content\/uploads\/sites\/2\/2022\/04\/Snitsel_02-1-1024x682.jpg 1024w, https:\/\/alutagusemaa.ee\/kauksirannahoone\/wp-content\/uploads\/sites\/2\/2022\/04\/Snitsel_02-1-300x200.jpg 300w, https:\/\/alutagusemaa.ee\/kauksirannahoone\/wp-content\/uploads\/sites\/2\/2022\/04\/Snitsel_02-1-768x512.jpg 768w, https:\/\/alutagusemaa.ee\/kauksirannahoone\/wp-content\/uploads\/sites\/2\/2022\/04\/Snitsel_02-1-1536x1024.jpg 1536w, https:\/\/alutagusemaa.ee\/kauksirannahoone\/wp-content\/uploads\/sites\/2\/2022\/04\/Snitsel_02-1.jpg 2000w\" sizes=\"(max-width: 1024px) 100vw, 1024px\" \/><\/a><a class=\"gallery-item\" data-fslightbox=\"\" href=\"https:\/\/alutagusemaa.ee\/kauksirannahoone\/wp-content\/uploads\/sites\/2\/2022\/04\/Snitsel_01-1.jpg\" data-src=\"https:\/\/alutagusemaa.ee\/kauksirannahoone\/wp-content\/uploads\/sites\/2\/2022\/04\/Snitsel_01-1.jpg\"><div class=\"gallery-item-content\"><p><\/p><\/div><img width=\"1024\" height=\"682\" src=\"https:\/\/alutagusemaa.ee\/kauksirannahoone\/wp-content\/uploads\/sites\/2\/2022\/04\/Snitsel_01-1-1024x682.jpg\" alt=\"\" loading=\"lazy\" class=\"gallery-img lazy loaded wp-image-19\" data-was-processed=\"true\" data-id=\"19\" srcset=\"https:\/\/alutagusemaa.ee\/kauksirannahoone\/wp-content\/uploads\/sites\/2\/2022\/04\/Snitsel_01-1-1024x682.jpg 1024w, https:\/\/alutagusemaa.ee\/kauksirannahoone\/wp-content\/uploads\/sites\/2\/2022\/04\/Snitsel_01-1-300x200.jpg 300w, https:\/\/alutagusemaa.ee\/kauksirannahoone\/wp-content\/uploads\/sites\/2\/2022\/04\/Snitsel_01-1-768x512.jpg 768w, https:\/\/alutagusemaa.ee\/kauksirannahoone\/wp-content\/uploads\/sites\/2\/2022\/04\/Snitsel_01-1-1536x1024.jpg 1536w, https:\/\/alutagusemaa.ee\/kauksirannahoone\/wp-content\/uploads\/sites\/2\/2022\/04\/Snitsel_01-1.jpg 2000w\" sizes=\"(max-width: 1024px) 100vw, 1024px\" \/><\/a><a class=\"gallery-item\" data-fslightbox=\"\" href=\"https:\/\/alutagusemaa.ee\/kauksirannahoone\/wp-content\/uploads\/sites\/2\/2022\/04\/Pasta-1.jpg\" data-src=\"https:\/\/alutagusemaa.ee\/kauksirannahoone\/wp-content\/uploads\/sites\/2\/2022\/04\/Pasta-1.jpg\"><div class=\"gallery-item-content\"><p><\/p><\/div><img width=\"1024\" height=\"682\" src=\"https:\/\/alutagusemaa.ee\/kauksirannahoone\/wp-content\/uploads\/sites\/2\/2022\/04\/Pasta-1-1024x682.jpg\" alt=\"\" loading=\"lazy\" class=\"gallery-img lazy loaded wp-image-14\" data-was-processed=\"true\" data-id=\"14\" srcset=\"https:\/\/alutagusemaa.ee\/kauksirannahoone\/wp-content\/uploads\/sites\/2\/2022\/04\/Pasta-1-1024x682.jpg 1024w, https:\/\/alutagusemaa.ee\/kauksirannahoone\/wp-content\/uploads\/sites\/2\/2022\/04\/Pasta-1-300x200.jpg 300w, https:\/\/alutagusemaa.ee\/kauksirannahoone\/wp-content\/uploads\/sites\/2\/2022\/04\/Pasta-1-768x512.jpg 768w, https:\/\/alutagusemaa.ee\/kauksirannahoone\/wp-content\/uploads\/sites\/2\/2022\/04\/Pasta-1-1536x1024.jpg 1536w, https:\/\/alutagusemaa.ee\/kauksirannahoone\/wp-content\/uploads\/sites\/2\/2022\/04\/Pasta-1.jpg 2000w\" sizes=\"(max-width: 1024px) 100vw, 1024px\" \/><\/a><a class=\"gallery-item\" data-fslightbox=\"\" href=\"https:\/\/alutagusemaa.ee\/kauksirannahoone\/wp-content\/uploads\/sites\/2\/2022\/04\/Magustoit_02-1.jpg\" data-src=\"https:\/\/alutagusemaa.ee\/kauksirannahoone\/wp-content\/uploads\/sites\/2\/2022\/04\/Magustoit_02-1.jpg\"><div class=\"gallery-item-content\"><p><\/p><\/div><img width=\"1024\" height=\"682\" src=\"https:\/\/alutagusemaa.ee\/kauksirannahoone\/wp-content\/uploads\/sites\/2\/2022\/04\/Magustoit_02-1-1024x682.jpg\" alt=\"\" loading=\"lazy\" class=\"gallery-img lazy loaded wp-image-12\" data-was-processed=\"true\" data-id=\"12\" srcset=\"https:\/\/alutagusemaa.ee\/kauksirannahoone\/wp-content\/uploads\/sites\/2\/2022\/04\/Magustoit_02-1-1024x682.jpg 1024w, https:\/\/alutagusemaa.ee\/kauksirannahoone\/wp-content\/uploads\/sites\/2\/2022\/04\/Magustoit_02-1-300x200.jpg 300w, https:\/\/alutagusemaa.ee\/kauksirannahoone\/wp-content\/uploads\/sites\/2\/2022\/04\/Magustoit_02-1-768x512.jpg 768w, https:\/\/alutagusemaa.ee\/kauksirannahoone\/wp-content\/uploads\/sites\/2\/2022\/04\/Magustoit_02-1-1536x1024.jpg 1536w, https:\/\/alutagusemaa.ee\/kauksirannahoone\/wp-content\/uploads\/sites\/2\/2022\/04\/Magustoit_02-1.jpg 2000w\" sizes=\"(max-width: 1024px) 100vw, 1024px\" \/><\/a><a class=\"gallery-item\" data-fslightbox=\"\" href=\"https:\/\/alutagusemaa.ee\/kauksirannahoone\/wp-content\/uploads\/sites\/2\/2022\/04\/Pannkoogid-1.jpg\" data-src=\"https:\/\/alutagusemaa.ee\/kauksirannahoone\/wp-content\/uploads\/sites\/2\/2022\/04\/Pannkoogid-1.jpg\"><div class=\"gallery-item-content\"><p><\/p><\/div><img width=\"1024\" height=\"682\" src=\"https:\/\/alutagusemaa.ee\/kauksirannahoone\/wp-content\/uploads\/sites\/2\/2022\/04\/Pannkoogid-1-1024x682.jpg\" alt=\"\" loading=\"lazy\" class=\"gallery-img lazy loaded wp-image-13\" data-was-processed=\"true\" data-id=\"13\" srcset=\"https:\/\/alutagusemaa.ee\/kauksirannahoone\/wp-content\/uploads\/sites\/2\/2022\/04\/Pannkoogid-1-1024x682.jpg 1024w, https:\/\/alutagusemaa.ee\/kauksirannahoone\/wp-content\/uploads\/sites\/2\/2022\/04\/Pannkoogid-1-300x200.jpg 300w, https:\/\/alutagusemaa.ee\/kauksirannahoone\/wp-content\/uploads\/sites\/2\/2022\/04\/Pannkoogid-1-768x512.jpg 768w, https:\/\/alutagusemaa.ee\/kauksirannahoone\/wp-content\/uploads\/sites\/2\/2022\/04\/Pannkoogid-1-1536x1024.jpg 1536w, https:\/\/alutagusemaa.ee\/kauksirannahoone\/wp-content\/uploads\/sites\/2\/2022\/04\/Pannkoogid-1.jpg 2000w\" sizes=\"(max-width: 1024px) 100vw, 1024px\" \/><\/a><a class=\"gallery-item\" data-fslightbox=\"\" href=\"https:\/\/alutagusemaa.ee\/kauksirannahoone\/wp-content\/uploads\/sites\/2\/2022\/04\/Magustoit_01-1.jpg\" data-src=\"https:\/\/alutagusemaa.ee\/kauksirannahoone\/wp-content\/uploads\/sites\/2\/2022\/04\/Magustoit_01-1.jpg\"><div class=\"gallery-item-content\"><p><\/p><\/div><img width=\"1024\" height=\"682\" src=\"https:\/\/alutagusemaa.ee\/kauksirannahoone\/wp-content\/uploads\/sites\/2\/2022\/04\/Magustoit_01-1-1024x682.jpg\" alt=\"\" loading=\"lazy\" class=\"gallery-img lazy loaded wp-image-11\" data-was-processed=\"true\" data-id=\"11\" srcset=\"https:\/\/alutagusemaa.ee\/kauksirannahoone\/wp-content\/uploads\/sites\/2\/2022\/04\/Magustoit_01-1-1024x682.jpg 1024w, https:\/\/alutagusemaa.ee\/kauksirannahoone\/wp-content\/uploads\/sites\/2\/2022\/04\/Magustoit_01-1-300x200.jpg 300w, https:\/\/alutagusemaa.ee\/kauksirannahoone\/wp-content\/uploads\/sites\/2\/2022\/04\/Magustoit_01-1-768x512.jpg 768w, https:\/\/alutagusemaa.ee\/kauksirannahoone\/wp-content\/uploads\/sites\/2\/2022\/04\/Magustoit_01-1-1536x1024.jpg 1536w, https:\/\/alutagusemaa.ee\/kauksirannahoone\/wp-content\/uploads\/sites\/2\/2022\/04\/Magustoit_01-1.jpg 2000w\" sizes=\"(max-width: 1024px) 100vw, 1024px\" \/><\/a><a class=\"gallery-item\" data-fslightbox=\"\" href=\"https:\/\/alutagusemaa.ee\/kauksirannahoone\/wp-content\/uploads\/sites\/2\/2022\/04\/Koha-1.jpg\" data-src=\"https:\/\/alutagusemaa.ee\/kauksirannahoone\/wp-content\/uploads\/sites\/2\/2022\/04\/Koha-1.jpg\"><div class=\"gallery-item-content\"><p><\/p><\/div><img width=\"1024\" height=\"682\" src=\"https:\/\/alutagusemaa.ee\/kauksirannahoone\/wp-content\/uploads\/sites\/2\/2022\/04\/Koha-1-1024x682.jpg\" alt=\"\" loading=\"lazy\" class=\"gallery-img lazy loaded wp-image-9\" data-was-processed=\"true\" data-id=\"9\" srcset=\"https:\/\/alutagusemaa.ee\/kauksirannahoone\/wp-content\/uploads\/sites\/2\/2022\/04\/Koha-1-1024x682.jpg 1024w, https:\/\/alutagusemaa.ee\/kauksirannahoone\/wp-content\/uploads\/sites\/2\/2022\/04\/Koha-1-300x200.jpg 300w, https:\/\/alutagusemaa.ee\/kauksirannahoone\/wp-content\/uploads\/sites\/2\/2022\/04\/Koha-1-768x512.jpg 768w, https:\/\/alutagusemaa.ee\/kauksirannahoone\/wp-content\/uploads\/sites\/2\/2022\/04\/Koha-1-1536x1024.jpg 1536w, https:\/\/alutagusemaa.ee\/kauksirannahoone\/wp-content\/uploads\/sites\/2\/2022\/04\/Koha-1.jpg 2000w\" sizes=\"(max-width: 1024px) 100vw, 1024px\" \/><\/a><a class=\"gallery-item\" data-fslightbox=\"\" href=\"https:\/\/alutagusemaa.ee\/kauksirannahoone\/wp-content\/uploads\/sites\/2\/2022\/04\/Pidu_01-1.jpg\" data-src=\"https:\/\/alutagusemaa.ee\/kauksirannahoone\/wp-content\/uploads\/sites\/2\/2022\/04\/Pidu_01-1.jpg\"><div class=\"gallery-item-content\"><p><\/p><\/div><img width=\"1024\" height=\"682\" src=\"https:\/\/alutagusemaa.ee\/kauksirannahoone\/wp-content\/uploads\/sites\/2\/2022\/04\/Pidu_01-1-1024x682.jpg\" alt=\"\" loading=\"lazy\" class=\"gallery-img lazy loaded wp-image-15\" data-was-processed=\"true\" data-id=\"15\" srcset=\"https:\/\/alutagusemaa.ee\/kauksirannahoone\/wp-content\/uploads\/sites\/2\/2022\/04\/Pidu_01-1-1024x682.jpg 1024w, https:\/\/alutagusemaa.ee\/kauksirannahoone\/wp-content\/uploads\/sites\/2\/2022\/04\/Pidu_01-1-300x200.jpg 300w, https:\/\/alutagusemaa.ee\/kauksirannahoone\/wp-content\/uploads\/sites\/2\/2022\/04\/Pidu_01-1-768x512.jpg 768w, https:\/\/alutagusemaa.ee\/kauksirannahoone\/wp-content\/uploads\/sites\/2\/2022\/04\/Pidu_01-1-1536x1024.jpg 1536w, https:\/\/alutagusemaa.ee\/kauksirannahoone\/wp-content\/uploads\/sites\/2\/2022\/04\/Pidu_01-1.jpg 2000w\" sizes=\"(max-width: 1024px) 100vw, 1024px\" \/><\/a><a class=\"gallery-item\" data-fslightbox=\"\" href=\"https:\/\/alutagusemaa.ee\/kauksirannahoone\/wp-content\/uploads\/sites\/2\/2023\/06\/suvi_kauksi_web.jpg\" data-src=\"https:\/\/alutagusemaa.ee\/kauksirannahoone\/wp-content\/uploads\/sites\/2\/2023\/06\/suvi_kauksi_web.jpg\"><div class=\"gallery-item-content\"><p><\/p><\/div><img width=\"1024\" height=\"612\" src=\"https:\/\/alutagusemaa.ee\/kauksirannahoone\/wp-content\/uploads\/sites\/2\/2023\/06\/suvi_kauksi_web-1024x612.jpg\" alt=\"\" loading=\"lazy\" class=\"gallery-img lazy loaded wp-image-351\" data-was-processed=\"true\" data-id=\"351\" srcset=\"https:\/\/alutagusemaa.ee\/kauksirannahoone\/wp-content\/uploads\/sites\/2\/2023\/06\/suvi_kauksi_web-1024x612.jpg 1024w, https:\/\/alutagusemaa.ee\/kauksirannahoone\/wp-content\/uploads\/sites\/2\/2023\/06\/suvi_kauksi_web-300x179.jpg 300w, https:\/\/alutagusemaa.ee\/kauksirannahoone\/wp-content\/uploads\/sites\/2\/2023\/06\/suvi_kauksi_web-768x459.jpg 768w, https:\/\/alutagusemaa.ee\/kauksirannahoone\/wp-content\/uploads\/sites\/2\/2023\/06\/suvi_kauksi_web-1536x918.jpg 1536w, https:\/\/alutagusemaa.ee\/kauksirannahoone\/wp-content\/uploads\/sites\/2\/2023\/06\/suvi_kauksi_web.jpg 1920w\" sizes=\"(max-width: 1024px) 100vw, 1024px\" \/><\/a><a class=\"gallery-item\" data-fslightbox=\"\" href=\"https:\/\/alutagusemaa.ee\/kauksirannahoone\/wp-content\/uploads\/sites\/2\/2022\/04\/Rand-1.jpg\" data-src=\"https:\/\/alutagusemaa.ee\/kauksirannahoone\/wp-content\/uploads\/sites\/2\/2022\/04\/Rand-1.jpg\"><div class=\"gallery-item-content\"><p><\/p><\/div><img width=\"1024\" height=\"630\" src=\"https:\/\/alutagusemaa.ee\/kauksirannahoone\/wp-content\/uploads\/sites\/2\/2022\/04\/Rand-1-1024x630.jpg\" alt=\"\" loading=\"lazy\" class=\"gallery-img lazy loaded wp-image-16\" data-was-processed=\"true\" data-id=\"16\" srcset=\"https:\/\/alutagusemaa.ee\/kauksirannahoone\/wp-content\/uploads\/sites\/2\/2022\/04\/Rand-1-1024x630.jpg 1024w, https:\/\/alutagusemaa.ee\/kauksirannahoone\/wp-content\/uploads\/sites\/2\/2022\/04\/Rand-1-300x185.jpg 300w, https:\/\/alutagusemaa.ee\/kauksirannahoone\/wp-content\/uploads\/sites\/2\/2022\/04\/Rand-1-768x473.jpg 768w, https:\/\/alutagusemaa.ee\/kauksirannahoone\/wp-content\/uploads\/sites\/2\/2022\/04\/Rand-1-1536x945.jpg 1536w, https:\/\/alutagusemaa.ee\/kauksirannahoone\/wp-content\/uploads\/sites\/2\/2022\/04\/Rand-1.jpg 2000w\" sizes=\"(max-width: 1024px) 100vw, 1024px\" \/><\/a><\/div>\n","protected":false},"excerpt":{"rendered":"<p>Kauksi rannahoone \u00e4ratab head m\u00e4lestused ellu! Kas m\u00e4letad neid lapsep\u00f5lvesuvesid, mil sai p\u00e4evade kaupa paljajalu k\u00f5rgete m\u00e4ndide vahel joostud, okkad liivasel pinnal tallaaluseid torkimas? Vees sai m\u00e4ngitud nii kaua kuni s\u00f5rmed olid krimpsus ja huuled lillad. K\u00fclm ei olnud, aga ema ja vanaema k\u00e4skisid millegip\u00e4rast ikka veest v\u00e4lja tulla. Siis sai istuda rannar\u00e4tikul ja liivaste [&hellip;]<\/p>\n","protected":false},"author":1,"featured_media":0,"parent":0,"menu_order":0,"comment_status":"closed","ping_status":"open","template":"","meta":[],"_links":{"self":[{"href":"https:\/\/alutagusemaa.ee\/kauksirannahoone\/wp-json\/wp\/v2\/pages\/2"}],"collection":[{"href":"https:\/\/alutagusemaa.ee\/kauksirannahoone\/wp-json\/wp\/v2\/pages"}],"about":[{"href":"https:\/\/alutagusemaa.ee\/kauksirannahoone\/wp-json\/wp\/v2\/types\/page"}],"author":[{"embeddable":true,"href":"https:\/\/alutagusemaa.ee\/kauksirannahoone\/wp-json\/wp\/v2\/users\/1"}],"replies":[{"embeddable":true,"href":"https:\/\/alutagusemaa.ee\/kauksirannahoone\/wp-json\/wp\/v2\/comments?post=2"}],"version-history":[{"count":44,"href":"https:\/\/alutagusemaa.ee\/kauksirannahoone\/wp-json\/wp\/v2\/pages\/2\/revisions"}],"predecessor-version":[{"id":424,"href":"https:\/\/alutagusemaa.ee\/kauksirannahoone\/wp-json\/wp\/v2\/pages\/2\/revisions\/424"}],"wp:attachment":[{"href":"https:\/\/alutagusemaa.ee\/kauksirannahoone\/wp-json\/wp\/v2\/media?parent=2"}],"curies":[{"name":"wp","href":"https:\/\/api.w.org\/{rel}","templated":true}]}}