{"id":119,"date":"2022-04-29T16:45:34","date_gmt":"2022-04-29T16:45:34","guid":{"rendered":"https:\/\/alutagusemaa.ee\/kauksirannahoone\/?page_id=119"},"modified":"2022-04-29T16:47:03","modified_gmt":"2022-04-29T16:47:03","slug":"rahastaja-info","status":"publish","type":"page","link":"https:\/\/alutagusemaa.ee\/kauksirannahoone\/rahastaja-info\/","title":{"rendered":"Rahastaja info"},"content":{"rendered":"\n<div class=\"wp-block-edhotels-background-image undefined background alignfull intro\" style=\"min-height:100vh\"><div class=\"side-bar\"><\/div><img src=\"https:\/\/alutagusemaa.ee\/kauksirannahoone\/wp-content\/uploads\/sites\/2\/2022\/04\/Rand-2-1.jpg\" alt=\"\" loading=\"lazy\" style=\"object-position:50% 50%\"\/><\/div>\n\n\n\n<div class=\"wp-block-edhotels-big-heading intro\"><h1>RAHASTAJA INFO<\/h1><\/div>\n\n\n\n<div class=\"wp-container-1 wp-block-group intro has-black-color has-text-color has-darkgrey-color has-white-background-color has-text-color has-background\">\n<h3><strong>KAUKSI RANNAPROMENAADI JA -HOONE V\u00c4LJAEHITAMINE<\/strong><\/h3>\n\n\n\n<p>Eesm\u00e4rk: ehitada v\u00e4lja Kauksi rannaala taristu ja rannahoone. Riigi Tugiteenuste Keskus rahastas Alutaguse vallavalitsuse projekti nr 2014-2020.5.04.17-0232 \u201eKauksi rannapromenaadi v\u00e4ljaehitamine\u201c Piirkondade konkurentsiv\u00f5ime tugevdamise meetmest.<\/p>\n\n\n\n<p>Tulemus: Projektiga loodi Peipsi p\u00f5hjarannikule t\u00e4iendav k\u00fclastusmotivatsioon, mis v\u00f5imaldab pakkuda uusi teenuseid ning muuta piirkond seel\u00e4bi aastaringselt atraktiivseks k\u00fclastusobjektiks.<\/p>\n\n\n\n<p>Projekti kogumaksumus on 1 454 318 eurot. Projekt t\u00e4ideti eesm\u00e4rgip\u00e4raselt 30. novembriks 2021.<\/p>\n<\/div>\n","protected":false},"excerpt":{"rendered":"<p>KAUKSI RANNAPROMENAADI JA -HOONE V\u00c4LJAEHITAMINE Eesm\u00e4rk: ehitada v\u00e4lja Kauksi rannaala taristu ja rannahoone. Riigi Tugiteenuste Keskus rahastas Alutaguse vallavalitsuse projekti nr 2014-2020.5.04.17-0232 \u201eKauksi rannapromenaadi v\u00e4ljaehitamine\u201c Piirkondade konkurentsiv\u00f5ime tugevdamise meetmest. Tulemus: Projektiga loodi Peipsi p\u00f5hjarannikule t\u00e4iendav k\u00fclastusmotivatsioon, mis v\u00f5imaldab pakkuda uusi teenuseid ning muuta piirkond seel\u00e4bi aastaringselt atraktiivseks k\u00fclastusobjektiks. Projekti kogumaksumus on 1 454 318 eurot. [&hellip;]<\/p>\n","protected":false},"author":1,"featured_media":0,"parent":0,"menu_order":0,"comment_status":"closed","ping_status":"closed","template":"","meta":[],"_links":{"self":[{"href":"https:\/\/alutagusemaa.ee\/kauksirannahoone\/wp-json\/wp\/v2\/pages\/119"}],"collection":[{"href":"https:\/\/alutagusemaa.ee\/kauksirannahoone\/wp-json\/wp\/v2\/pages"}],"about":[{"href":"https:\/\/alutagusemaa.ee\/kauksirannahoone\/wp-json\/wp\/v2\/types\/page"}],"author":[{"embeddable":true,"href":"https:\/\/alutagusemaa.ee\/kauksirannahoone\/wp-json\/wp\/v2\/users\/1"}],"replies":[{"embeddable":true,"href":"https:\/\/alutagusemaa.ee\/kauksirannahoone\/wp-json\/wp\/v2\/comments?post=119"}],"version-history":[{"count":2,"href":"https:\/\/alutagusemaa.ee\/kauksirannahoone\/wp-json\/wp\/v2\/pages\/119\/revisions"}],"predecessor-version":[{"id":121,"href":"https:\/\/alutagusemaa.ee\/kauksirannahoone\/wp-json\/wp\/v2\/pages\/119\/revisions\/121"}],"wp:attachment":[{"href":"https:\/\/alutagusemaa.ee\/kauksirannahoone\/wp-json\/wp\/v2\/media?parent=119"}],"curies":[{"name":"wp","href":"https:\/\/api.w.org\/{rel}","templated":true}]}}