{"id":269,"date":"2022-04-29T16:45:34","date_gmt":"2022-04-29T16:45:34","guid":{"rendered":"https:\/\/alutagusemaa.ee\/kauksirannahoone\/rahastaja-info\/"},"modified":"2022-06-21T12:30:49","modified_gmt":"2022-06-21T12:30:49","slug":"rahastaja-info","status":"publish","type":"page","link":"https:\/\/alutagusemaa.ee\/kauksirannahoone\/fi\/rahastaja-info\/","title":{"rendered":"Rahastaja info"},"content":{"rendered":"\n<div class=\"wp-block-edhotels-background-image undefined background alignfull intro\" style=\"min-height:100vh\"><div class=\"side-bar\"><\/div><img width=\"2000\" height=\"1224\" src=\"https:\/\/alutagusemaa.ee\/kauksirannahoone\/wp-content\/uploads\/sites\/2\/2022\/04\/Rand-2-1.jpg\" alt=\"\" loading=\"lazy\" style=\"object-position:50% 50%\" class=\"wp-image-17\" srcset=\"https:\/\/alutagusemaa.ee\/kauksirannahoone\/wp-content\/uploads\/sites\/2\/2022\/04\/Rand-2-1.jpg 2000w, https:\/\/alutagusemaa.ee\/kauksirannahoone\/wp-content\/uploads\/sites\/2\/2022\/04\/Rand-2-1-300x184.jpg 300w, https:\/\/alutagusemaa.ee\/kauksirannahoone\/wp-content\/uploads\/sites\/2\/2022\/04\/Rand-2-1-1024x627.jpg 1024w, https:\/\/alutagusemaa.ee\/kauksirannahoone\/wp-content\/uploads\/sites\/2\/2022\/04\/Rand-2-1-768x470.jpg 768w, https:\/\/alutagusemaa.ee\/kauksirannahoone\/wp-content\/uploads\/sites\/2\/2022\/04\/Rand-2-1-1536x940.jpg 1536w\" sizes=\"(max-width: 2000px) 100vw, 2000px\" \/><\/div>\n\n\n\n<div class=\"wp-block-edhotels-big-heading intro\"><h1>RAHASTAJA INFO<\/h1><\/div>\n\n\n\n<div class=\"wp-container-1 wp-block-group intro has-black-color has-text-color has-darkgrey-color has-white-background-color has-text-color has-background\">\n<h3><strong>KAUKSIN RANTAPROMENADIN JA -KESKUKSEN RAKENTAMINEN<\/strong><\/h3>\n\n\n\n<p>Tavoite: Kauksin ranta-alueen infrastruktuurin ja rantakeskuksen rakentaminen. Riigi Tugiteenuste Keskus (Viron valtion tukipalvelukeskus) rahoitti Alutagusen kunnan hanketta nro 2014-2020.5.04.17-0232, Kauksin rantapromenadin rakentaminen, Alueiden kilpailukyvyn vahvistamisen toimenpideohjelmasta.<\/p>\n\n\n\n<p>Tulos: Hankkeen avulla luotiin Peipsij\u00e4rven pohjoisrannikolle t\u00e4ydent\u00e4v\u00e4 vetovoimatekij\u00e4, joka mahdollistaa uusien palveluiden tarjoamisen ja edesauttaa alueen kehittymist\u00e4 ymp\u00e4rivuotisesti houkuttelevaksi matkailukohteeksi.<\/p>\n\n\n\n<p>Hankkeen kokonaiskustannukset ovat 1 454 318 euroa. Hanke toteutettiin tavoitteiden mukaisesti 30.11.2021 menness\u00e4.<\/p>\n<\/div>\n","protected":false},"excerpt":{"rendered":"<p>KAUKSIN RANTAPROMENADIN JA -KESKUKSEN RAKENTAMINEN Tavoite: Kauksin ranta-alueen infrastruktuurin ja rantakeskuksen rakentaminen. Riigi Tugiteenuste Keskus (Viron valtion tukipalvelukeskus) rahoitti Alutagusen kunnan hanketta nro 2014-2020.5.04.17-0232, Kauksin rantapromenadin rakentaminen, Alueiden kilpailukyvyn vahvistamisen toimenpideohjelmasta. Tulos: Hankkeen avulla luotiin Peipsij\u00e4rven pohjoisrannikolle t\u00e4ydent\u00e4v\u00e4 vetovoimatekij\u00e4, joka mahdollistaa uusien palveluiden tarjoamisen ja edesauttaa alueen kehittymist\u00e4 ymp\u00e4rivuotisesti houkuttelevaksi matkailukohteeksi. Hankkeen kokonaiskustannukset ovat 1 [&hellip;]<\/p>\n","protected":false},"author":1,"featured_media":0,"parent":0,"menu_order":0,"comment_status":"closed","ping_status":"closed","template":"","meta":[],"_links":{"self":[{"href":"https:\/\/alutagusemaa.ee\/kauksirannahoone\/fi\/wp-json\/wp\/v2\/pages\/269"}],"collection":[{"href":"https:\/\/alutagusemaa.ee\/kauksirannahoone\/fi\/wp-json\/wp\/v2\/pages"}],"about":[{"href":"https:\/\/alutagusemaa.ee\/kauksirannahoone\/fi\/wp-json\/wp\/v2\/types\/page"}],"author":[{"embeddable":true,"href":"https:\/\/alutagusemaa.ee\/kauksirannahoone\/fi\/wp-json\/wp\/v2\/users\/1"}],"replies":[{"embeddable":true,"href":"https:\/\/alutagusemaa.ee\/kauksirannahoone\/fi\/wp-json\/wp\/v2\/comments?post=269"}],"version-history":[{"count":1,"href":"https:\/\/alutagusemaa.ee\/kauksirannahoone\/fi\/wp-json\/wp\/v2\/pages\/269\/revisions"}],"predecessor-version":[{"id":273,"href":"https:\/\/alutagusemaa.ee\/kauksirannahoone\/fi\/wp-json\/wp\/v2\/pages\/269\/revisions\/273"}],"wp:attachment":[{"href":"https:\/\/alutagusemaa.ee\/kauksirannahoone\/fi\/wp-json\/wp\/v2\/media?parent=269"}],"curies":[{"name":"wp","href":"https:\/\/api.w.org\/{rel}","templated":true}]}}