{"id":225,"date":"2022-04-29T11:24:50","date_gmt":"2022-04-29T11:24:50","guid":{"rendered":"https:\/\/alutagusemaa.ee\/kauksirannahoone\/demoleht\/"},"modified":"2024-04-11T07:42:36","modified_gmt":"2024-04-11T07:42:36","slug":"demoleht","status":"publish","type":"page","link":"https:\/\/alutagusemaa.ee\/kauksirannahoone\/fi\/","title":{"rendered":"Avaleht"},"content":{"rendered":"\n<div class=\"wp-block-edhotels-background-image undefined background alignfull intro\" style=\"min-height:100vh\"><div class=\"side-bar\"><\/div><img width=\"1920\" height=\"1159\" src=\"https:\/\/alutagusemaa.ee\/kauksirannahoone\/wp-content\/uploads\/sites\/2\/2023\/06\/suvi_kauksirannahoones_web.jpg\" alt=\"\" loading=\"lazy\" style=\"object-position:50% 50%\" class=\"wp-image-348\" srcset=\"https:\/\/alutagusemaa.ee\/kauksirannahoone\/wp-content\/uploads\/sites\/2\/2023\/06\/suvi_kauksirannahoones_web.jpg 1920w, https:\/\/alutagusemaa.ee\/kauksirannahoone\/wp-content\/uploads\/sites\/2\/2023\/06\/suvi_kauksirannahoones_web-300x181.jpg 300w, https:\/\/alutagusemaa.ee\/kauksirannahoone\/wp-content\/uploads\/sites\/2\/2023\/06\/suvi_kauksirannahoones_web-1024x618.jpg 1024w, https:\/\/alutagusemaa.ee\/kauksirannahoone\/wp-content\/uploads\/sites\/2\/2023\/06\/suvi_kauksirannahoones_web-768x464.jpg 768w, https:\/\/alutagusemaa.ee\/kauksirannahoone\/wp-content\/uploads\/sites\/2\/2023\/06\/suvi_kauksirannahoones_web-1536x927.jpg 1536w\" sizes=\"(max-width: 1920px) 100vw, 1920px\" \/><\/div>\n\n\n\n<div class=\"wp-block-edhotels-big-heading intro\"><h1>KAUKSIN RANTAKESKUS<\/h1><\/div>\n\n\n\n<div class=\"wp-container-1 wp-block-group intro has-darkgrey-color has-white-background-color has-text-color has-background\">\n<p>Kauksin ranta on maalauksellisen kaunis paikka Peipsij\u00e4rven l\u00e4nsirannalla. Peipsi on yksi Euroopan suurimmista j\u00e4rvist\u00e4 ja Kauksin ranta koko Viron pisin hiekkaranta. Eksoottinen j\u00e4rvi, kuuma hiekka ja sen vierell\u00e4 viilennyst\u00e4 ja varjoa tarjoava m\u00e4ntymets\u00e4 muodostavat ainutlaatuisen kokonaisuuden: ei siis ihme, ett\u00e4 Kauksin ranta on Virossa hyvin tunnettu ja rakastettu lomakohde.&nbsp;<\/p>\n\n\n\n<p>Vuonna 2021 rannalle avattiin arkkitehtitoimisto KAOSin arkkitehtien Toomas Adrikornin ja Margit Aulen suunnittelema Kauksin rantakeskus. Avarasta L-kirjaimen muotoisesta rakennusta avautuu upea n\u00e4k\u00f6ala Peipsij\u00e4rvelle ja keskus on kaikkien rantavieraiden palveluksessa. Ja mainittakoon jo nyt, ett\u00e4 keskus on my\u00f6s mit\u00e4 mainioin paikka pujahtaa suojaan syystuulten riepottelulta. L\u00e4mpim\u00e4sti tervetuloa!<\/p>\n<\/div>\n\n\n<div class=\"custom-shift-block\" style=\"position: relative; margin-top: -90px; z-index:2\">\n<div class=\"wp-block-edhotels-background-image undefined background alignfull\" style=\"min-height:100vh\"><img width=\"1920\" height=\"1147\" src=\"https:\/\/alutagusemaa.ee\/kauksirannahoone\/wp-content\/uploads\/sites\/2\/2023\/06\/suvi_kauksi_web.jpg\" alt=\"\" loading=\"lazy\" style=\"object-position:50% 50%\" class=\"wp-image-352\" srcset=\"https:\/\/alutagusemaa.ee\/kauksirannahoone\/wp-content\/uploads\/sites\/2\/2023\/06\/suvi_kauksi_web.jpg 1920w, https:\/\/alutagusemaa.ee\/kauksirannahoone\/wp-content\/uploads\/sites\/2\/2023\/06\/suvi_kauksi_web-300x179.jpg 300w, https:\/\/alutagusemaa.ee\/kauksirannahoone\/wp-content\/uploads\/sites\/2\/2023\/06\/suvi_kauksi_web-1024x612.jpg 1024w, https:\/\/alutagusemaa.ee\/kauksirannahoone\/wp-content\/uploads\/sites\/2\/2023\/06\/suvi_kauksi_web-768x459.jpg 768w, https:\/\/alutagusemaa.ee\/kauksirannahoone\/wp-content\/uploads\/sites\/2\/2023\/06\/suvi_kauksi_web-1536x918.jpg 1536w\" sizes=\"(max-width: 1920px) 100vw, 1920px\" \/><\/div>\n<\/div>\n\n<div class=\"custom-shift-block\" style=\"position: relative; margin-top: -250px; z-index:2\">\n<div class=\"wp-block-edhotels-big-heading\" id=\"umbrus\"><h2>YMP\u00c4RIST\u00d6<\/h2><\/div>\n<\/div>\n\n\n<div class=\"wp-container-3 wp-block-group has-black-color has-text-color has-white-background-color has-background\">\n<p>Kauksin rantakeskus sijaitsee aivan erityislaatuisella paikalla. Ymp\u00e4r\u00f6iv\u00e4ss\u00e4 m\u00e4ntymets\u00e4ss\u00e4 voi tehd\u00e4 virkist\u00e4vi\u00e4 k\u00e4velyretki\u00e4 tai py\u00f6r\u00e4ill\u00e4 s\u00e4\u00e4st\u00e4 riippumatta. Kauksin dyyneill\u00e4 ja m\u00e4nnik\u00f6n siimeksess\u00e4 kiemurtelee Peipsin rantaa my\u00f6t\u00e4ilev\u00e4 l\u00e4hes kilometrin pituinen lautapolku, jonka varrella on n\u00e4k\u00f6alatasanteita ja istumapaikkoja.<\/p>\n\n\n\n<p>Rantapromenadilla on lasten leikkipaikkoja, kaksi lentopallokentt\u00e4\u00e4, katukoripallokentt\u00e4, 16 laitteen ulkokuntosali sek\u00e4 katoksin varustettu piknik-alue, joka toimii kes\u00e4isin ulkoilmakonserttien esiintymislavana. Romanttisia konsertteja j\u00e4rjestet\u00e4\u00e4n muun muassa elokuun lopussa muinaistulien y\u00f6n\u00e4.<\/p>\n\n\n\n<p>Lis\u00e4ksi promenadilla on aurinkotuoleja, rantapenkkej\u00e4, pukukoppeja, WC:it\u00e4 ja ulkosuihku, joita voivat k\u00e4ytt\u00e4\u00e4 kaikki rantael\u00e4m\u00e4st\u00e4 nautiskelijat. Kes\u00e4kaudella toimii my\u00f6s pop-up-terassikahvila.<\/p>\n\n\n\n<p>Kauksin rantapromenadin ja -keskuksen rakentamista on rahoitettu Alueiden kilpailukyvyn vahvistamisen toimenpideohjelmasta.<\/p>\n\n\n\n<div class=\"wp-container-2 wp-block-buttons\">\n<div class=\"wp-block-button\"><a class=\"wp-block-button__link\" href=\"https:\/\/alutagusemaa.ee\/kauksirannahoone\/fi\/loyda-oma-kauksisi\/\">LUE LIS\u00c4\u00c4<\/a><\/div>\n<\/div>\n<\/div>\n\n\n\n<div style=\"height:148px\" aria-hidden=\"true\" class=\"wp-block-spacer\"><\/div>\n\n\n\n<div class=\"wp-block-edhotels-big-heading\" id=\"galerii\"><h2>KUVAGALLERIA<\/h2><\/div>\n\n\n\n<div class=\"wp-block-edhotels-grid-gallery gallery-items\"><a class=\"gallery-item\" data-fslightbox=\"\" href=\"https:\/\/alutagusemaa.ee\/kauksirannahoone\/wp-content\/uploads\/sites\/2\/2022\/04\/Snitsel_02-1.jpg\" data-src=\"https:\/\/alutagusemaa.ee\/kauksirannahoone\/wp-content\/uploads\/sites\/2\/2022\/04\/Snitsel_02-1.jpg\"><div class=\"gallery-item-content\"><p><\/p><\/div><img width=\"1024\" height=\"682\" src=\"https:\/\/alutagusemaa.ee\/kauksirannahoone\/wp-content\/uploads\/sites\/2\/2022\/04\/Snitsel_02-1-1024x682.jpg\" alt=\"\" loading=\"lazy\" class=\"gallery-img lazy loaded wp-image-80\" data-was-processed=\"true\" data-id=\"80\" srcset=\"https:\/\/alutagusemaa.ee\/kauksirannahoone\/wp-content\/uploads\/sites\/2\/2022\/04\/Snitsel_02-1-1024x682.jpg 1024w, https:\/\/alutagusemaa.ee\/kauksirannahoone\/wp-content\/uploads\/sites\/2\/2022\/04\/Snitsel_02-1-300x200.jpg 300w, https:\/\/alutagusemaa.ee\/kauksirannahoone\/wp-content\/uploads\/sites\/2\/2022\/04\/Snitsel_02-1-768x512.jpg 768w, https:\/\/alutagusemaa.ee\/kauksirannahoone\/wp-content\/uploads\/sites\/2\/2022\/04\/Snitsel_02-1-1536x1024.jpg 1536w, https:\/\/alutagusemaa.ee\/kauksirannahoone\/wp-content\/uploads\/sites\/2\/2022\/04\/Snitsel_02-1.jpg 2000w\" sizes=\"(max-width: 1024px) 100vw, 1024px\" \/><\/a><a class=\"gallery-item\" data-fslightbox=\"\" href=\"https:\/\/alutagusemaa.ee\/kauksirannahoone\/wp-content\/uploads\/sites\/2\/2022\/04\/Snitsel_01-1.jpg\" data-src=\"https:\/\/alutagusemaa.ee\/kauksirannahoone\/wp-content\/uploads\/sites\/2\/2022\/04\/Snitsel_01-1.jpg\"><div class=\"gallery-item-content\"><p><\/p><\/div><img width=\"1024\" height=\"682\" src=\"https:\/\/alutagusemaa.ee\/kauksirannahoone\/wp-content\/uploads\/sites\/2\/2022\/04\/Snitsel_01-1-1024x682.jpg\" alt=\"\" loading=\"lazy\" class=\"gallery-img lazy loaded wp-image-77\" data-was-processed=\"true\" data-id=\"77\" srcset=\"https:\/\/alutagusemaa.ee\/kauksirannahoone\/wp-content\/uploads\/sites\/2\/2022\/04\/Snitsel_01-1-1024x682.jpg 1024w, https:\/\/alutagusemaa.ee\/kauksirannahoone\/wp-content\/uploads\/sites\/2\/2022\/04\/Snitsel_01-1-300x200.jpg 300w, https:\/\/alutagusemaa.ee\/kauksirannahoone\/wp-content\/uploads\/sites\/2\/2022\/04\/Snitsel_01-1-768x512.jpg 768w, https:\/\/alutagusemaa.ee\/kauksirannahoone\/wp-content\/uploads\/sites\/2\/2022\/04\/Snitsel_01-1-1536x1024.jpg 1536w, https:\/\/alutagusemaa.ee\/kauksirannahoone\/wp-content\/uploads\/sites\/2\/2022\/04\/Snitsel_01-1.jpg 2000w\" sizes=\"(max-width: 1024px) 100vw, 1024px\" \/><\/a><a class=\"gallery-item\" data-fslightbox=\"\" href=\"https:\/\/alutagusemaa.ee\/kauksirannahoone\/wp-content\/uploads\/sites\/2\/2022\/04\/Pasta-1.jpg\" data-src=\"https:\/\/alutagusemaa.ee\/kauksirannahoone\/wp-content\/uploads\/sites\/2\/2022\/04\/Pasta-1.jpg\"><div class=\"gallery-item-content\"><p><\/p><\/div><img width=\"1024\" height=\"682\" src=\"https:\/\/alutagusemaa.ee\/kauksirannahoone\/wp-content\/uploads\/sites\/2\/2022\/04\/Pasta-1-1024x682.jpg\" alt=\"\" loading=\"lazy\" class=\"gallery-img lazy loaded wp-image-62\" data-was-processed=\"true\" data-id=\"62\" srcset=\"https:\/\/alutagusemaa.ee\/kauksirannahoone\/wp-content\/uploads\/sites\/2\/2022\/04\/Pasta-1-1024x682.jpg 1024w, https:\/\/alutagusemaa.ee\/kauksirannahoone\/wp-content\/uploads\/sites\/2\/2022\/04\/Pasta-1-300x200.jpg 300w, https:\/\/alutagusemaa.ee\/kauksirannahoone\/wp-content\/uploads\/sites\/2\/2022\/04\/Pasta-1-768x512.jpg 768w, https:\/\/alutagusemaa.ee\/kauksirannahoone\/wp-content\/uploads\/sites\/2\/2022\/04\/Pasta-1-1536x1024.jpg 1536w, https:\/\/alutagusemaa.ee\/kauksirannahoone\/wp-content\/uploads\/sites\/2\/2022\/04\/Pasta-1.jpg 2000w\" sizes=\"(max-width: 1024px) 100vw, 1024px\" \/><\/a><a class=\"gallery-item\" data-fslightbox=\"\" href=\"https:\/\/alutagusemaa.ee\/kauksirannahoone\/wp-content\/uploads\/sites\/2\/2022\/04\/Magustoit_02-1.jpg\" data-src=\"https:\/\/alutagusemaa.ee\/kauksirannahoone\/wp-content\/uploads\/sites\/2\/2022\/04\/Magustoit_02-1.jpg\"><div class=\"gallery-item-content\"><p><\/p><\/div><img width=\"1024\" height=\"682\" src=\"https:\/\/alutagusemaa.ee\/kauksirannahoone\/wp-content\/uploads\/sites\/2\/2022\/04\/Magustoit_02-1-1024x682.jpg\" alt=\"\" loading=\"lazy\" class=\"gallery-img lazy loaded wp-image-56\" data-was-processed=\"true\" data-id=\"56\" srcset=\"https:\/\/alutagusemaa.ee\/kauksirannahoone\/wp-content\/uploads\/sites\/2\/2022\/04\/Magustoit_02-1-1024x682.jpg 1024w, https:\/\/alutagusemaa.ee\/kauksirannahoone\/wp-content\/uploads\/sites\/2\/2022\/04\/Magustoit_02-1-300x200.jpg 300w, https:\/\/alutagusemaa.ee\/kauksirannahoone\/wp-content\/uploads\/sites\/2\/2022\/04\/Magustoit_02-1-768x512.jpg 768w, https:\/\/alutagusemaa.ee\/kauksirannahoone\/wp-content\/uploads\/sites\/2\/2022\/04\/Magustoit_02-1-1536x1024.jpg 1536w, https:\/\/alutagusemaa.ee\/kauksirannahoone\/wp-content\/uploads\/sites\/2\/2022\/04\/Magustoit_02-1.jpg 2000w\" sizes=\"(max-width: 1024px) 100vw, 1024px\" \/><\/a><a class=\"gallery-item\" data-fslightbox=\"\" href=\"https:\/\/alutagusemaa.ee\/kauksirannahoone\/wp-content\/uploads\/sites\/2\/2022\/04\/Pannkoogid-1.jpg\" data-src=\"https:\/\/alutagusemaa.ee\/kauksirannahoone\/wp-content\/uploads\/sites\/2\/2022\/04\/Pannkoogid-1.jpg\"><div class=\"gallery-item-content\"><p><\/p><\/div><img width=\"1024\" height=\"682\" src=\"https:\/\/alutagusemaa.ee\/kauksirannahoone\/wp-content\/uploads\/sites\/2\/2022\/04\/Pannkoogid-1-1024x682.jpg\" alt=\"\" loading=\"lazy\" class=\"gallery-img lazy loaded wp-image-59\" data-was-processed=\"true\" data-id=\"59\" srcset=\"https:\/\/alutagusemaa.ee\/kauksirannahoone\/wp-content\/uploads\/sites\/2\/2022\/04\/Pannkoogid-1-1024x682.jpg 1024w, https:\/\/alutagusemaa.ee\/kauksirannahoone\/wp-content\/uploads\/sites\/2\/2022\/04\/Pannkoogid-1-300x200.jpg 300w, https:\/\/alutagusemaa.ee\/kauksirannahoone\/wp-content\/uploads\/sites\/2\/2022\/04\/Pannkoogid-1-768x512.jpg 768w, https:\/\/alutagusemaa.ee\/kauksirannahoone\/wp-content\/uploads\/sites\/2\/2022\/04\/Pannkoogid-1-1536x1024.jpg 1536w, https:\/\/alutagusemaa.ee\/kauksirannahoone\/wp-content\/uploads\/sites\/2\/2022\/04\/Pannkoogid-1.jpg 2000w\" sizes=\"(max-width: 1024px) 100vw, 1024px\" \/><\/a><a class=\"gallery-item\" data-fslightbox=\"\" href=\"https:\/\/alutagusemaa.ee\/kauksirannahoone\/wp-content\/uploads\/sites\/2\/2022\/04\/Magustoit_01-1.jpg\" data-src=\"https:\/\/alutagusemaa.ee\/kauksirannahoone\/wp-content\/uploads\/sites\/2\/2022\/04\/Magustoit_01-1.jpg\"><div class=\"gallery-item-content\"><p><\/p><\/div><img width=\"1024\" height=\"682\" src=\"https:\/\/alutagusemaa.ee\/kauksirannahoone\/wp-content\/uploads\/sites\/2\/2022\/04\/Magustoit_01-1-1024x682.jpg\" alt=\"\" loading=\"lazy\" class=\"gallery-img lazy loaded wp-image-53\" data-was-processed=\"true\" data-id=\"53\" srcset=\"https:\/\/alutagusemaa.ee\/kauksirannahoone\/wp-content\/uploads\/sites\/2\/2022\/04\/Magustoit_01-1-1024x682.jpg 1024w, https:\/\/alutagusemaa.ee\/kauksirannahoone\/wp-content\/uploads\/sites\/2\/2022\/04\/Magustoit_01-1-300x200.jpg 300w, https:\/\/alutagusemaa.ee\/kauksirannahoone\/wp-content\/uploads\/sites\/2\/2022\/04\/Magustoit_01-1-768x512.jpg 768w, https:\/\/alutagusemaa.ee\/kauksirannahoone\/wp-content\/uploads\/sites\/2\/2022\/04\/Magustoit_01-1-1536x1024.jpg 1536w, https:\/\/alutagusemaa.ee\/kauksirannahoone\/wp-content\/uploads\/sites\/2\/2022\/04\/Magustoit_01-1.jpg 2000w\" sizes=\"(max-width: 1024px) 100vw, 1024px\" \/><\/a><a class=\"gallery-item\" data-fslightbox=\"\" href=\"https:\/\/alutagusemaa.ee\/kauksirannahoone\/wp-content\/uploads\/sites\/2\/2022\/04\/Koha-1.jpg\" data-src=\"https:\/\/alutagusemaa.ee\/kauksirannahoone\/wp-content\/uploads\/sites\/2\/2022\/04\/Koha-1.jpg\"><div class=\"gallery-item-content\"><p><\/p><\/div><img width=\"1024\" height=\"682\" src=\"https:\/\/alutagusemaa.ee\/kauksirannahoone\/wp-content\/uploads\/sites\/2\/2022\/04\/Koha-1-1024x682.jpg\" alt=\"\" loading=\"lazy\" class=\"gallery-img lazy loaded wp-image-47\" data-was-processed=\"true\" data-id=\"47\" srcset=\"https:\/\/alutagusemaa.ee\/kauksirannahoone\/wp-content\/uploads\/sites\/2\/2022\/04\/Koha-1-1024x682.jpg 1024w, https:\/\/alutagusemaa.ee\/kauksirannahoone\/wp-content\/uploads\/sites\/2\/2022\/04\/Koha-1-300x200.jpg 300w, https:\/\/alutagusemaa.ee\/kauksirannahoone\/wp-content\/uploads\/sites\/2\/2022\/04\/Koha-1-768x512.jpg 768w, https:\/\/alutagusemaa.ee\/kauksirannahoone\/wp-content\/uploads\/sites\/2\/2022\/04\/Koha-1-1536x1024.jpg 1536w, https:\/\/alutagusemaa.ee\/kauksirannahoone\/wp-content\/uploads\/sites\/2\/2022\/04\/Koha-1.jpg 2000w\" sizes=\"(max-width: 1024px) 100vw, 1024px\" \/><\/a><a class=\"gallery-item\" data-fslightbox=\"\" href=\"https:\/\/alutagusemaa.ee\/kauksirannahoone\/wp-content\/uploads\/sites\/2\/2022\/04\/Rand-1.jpg\" data-src=\"https:\/\/alutagusemaa.ee\/kauksirannahoone\/wp-content\/uploads\/sites\/2\/2022\/04\/Rand-1.jpg\"><div class=\"gallery-item-content\"><p><\/p><\/div><img width=\"1024\" height=\"630\" src=\"https:\/\/alutagusemaa.ee\/kauksirannahoone\/wp-content\/uploads\/sites\/2\/2022\/04\/Rand-1-1024x630.jpg\" alt=\"\" loading=\"lazy\" class=\"gallery-img lazy loaded wp-image-68\" data-was-processed=\"true\" data-id=\"68\" srcset=\"https:\/\/alutagusemaa.ee\/kauksirannahoone\/wp-content\/uploads\/sites\/2\/2022\/04\/Rand-1-1024x630.jpg 1024w, https:\/\/alutagusemaa.ee\/kauksirannahoone\/wp-content\/uploads\/sites\/2\/2022\/04\/Rand-1-300x185.jpg 300w, https:\/\/alutagusemaa.ee\/kauksirannahoone\/wp-content\/uploads\/sites\/2\/2022\/04\/Rand-1-768x473.jpg 768w, https:\/\/alutagusemaa.ee\/kauksirannahoone\/wp-content\/uploads\/sites\/2\/2022\/04\/Rand-1-1536x945.jpg 1536w, https:\/\/alutagusemaa.ee\/kauksirannahoone\/wp-content\/uploads\/sites\/2\/2022\/04\/Rand-1.jpg 2000w\" sizes=\"(max-width: 1024px) 100vw, 1024px\" \/><\/a><a class=\"gallery-item\" data-fslightbox=\"\" href=\"https:\/\/alutagusemaa.ee\/kauksirannahoone\/wp-content\/uploads\/sites\/2\/2023\/06\/suvi_kauksi_web.jpg\" data-src=\"https:\/\/alutagusemaa.ee\/kauksirannahoone\/wp-content\/uploads\/sites\/2\/2023\/06\/suvi_kauksi_web.jpg\"><div class=\"gallery-item-content\"><p><\/p><\/div><img width=\"1024\" height=\"612\" src=\"https:\/\/alutagusemaa.ee\/kauksirannahoone\/wp-content\/uploads\/sites\/2\/2023\/06\/suvi_kauksi_web-1024x612.jpg\" alt=\"\" loading=\"lazy\" class=\"gallery-img lazy loaded wp-image-352\" data-was-processed=\"true\" data-id=\"352\" srcset=\"https:\/\/alutagusemaa.ee\/kauksirannahoone\/wp-content\/uploads\/sites\/2\/2023\/06\/suvi_kauksi_web-1024x612.jpg 1024w, https:\/\/alutagusemaa.ee\/kauksirannahoone\/wp-content\/uploads\/sites\/2\/2023\/06\/suvi_kauksi_web-300x179.jpg 300w, https:\/\/alutagusemaa.ee\/kauksirannahoone\/wp-content\/uploads\/sites\/2\/2023\/06\/suvi_kauksi_web-768x459.jpg 768w, https:\/\/alutagusemaa.ee\/kauksirannahoone\/wp-content\/uploads\/sites\/2\/2023\/06\/suvi_kauksi_web-1536x918.jpg 1536w, https:\/\/alutagusemaa.ee\/kauksirannahoone\/wp-content\/uploads\/sites\/2\/2023\/06\/suvi_kauksi_web.jpg 1920w\" sizes=\"(max-width: 1024px) 100vw, 1024px\" \/><\/a><a class=\"gallery-item\" data-fslightbox=\"\" href=\"https:\/\/alutagusemaa.ee\/kauksirannahoone\/wp-content\/uploads\/sites\/2\/2022\/04\/Pidu_01-1.jpg\" data-src=\"https:\/\/alutagusemaa.ee\/kauksirannahoone\/wp-content\/uploads\/sites\/2\/2022\/04\/Pidu_01-1.jpg\"><div class=\"gallery-item-content\"><p><\/p><\/div><img width=\"1024\" height=\"682\" src=\"https:\/\/alutagusemaa.ee\/kauksirannahoone\/wp-content\/uploads\/sites\/2\/2022\/04\/Pidu_01-1-1024x682.jpg\" alt=\"\" loading=\"lazy\" class=\"gallery-img lazy loaded wp-image-65\" data-was-processed=\"true\" data-id=\"65\" srcset=\"https:\/\/alutagusemaa.ee\/kauksirannahoone\/wp-content\/uploads\/sites\/2\/2022\/04\/Pidu_01-1-1024x682.jpg 1024w, https:\/\/alutagusemaa.ee\/kauksirannahoone\/wp-content\/uploads\/sites\/2\/2022\/04\/Pidu_01-1-300x200.jpg 300w, https:\/\/alutagusemaa.ee\/kauksirannahoone\/wp-content\/uploads\/sites\/2\/2022\/04\/Pidu_01-1-768x512.jpg 768w, https:\/\/alutagusemaa.ee\/kauksirannahoone\/wp-content\/uploads\/sites\/2\/2022\/04\/Pidu_01-1-1536x1024.jpg 1536w, https:\/\/alutagusemaa.ee\/kauksirannahoone\/wp-content\/uploads\/sites\/2\/2022\/04\/Pidu_01-1.jpg 2000w\" sizes=\"(max-width: 1024px) 100vw, 1024px\" \/><\/a><\/div>\n","protected":false},"excerpt":{"rendered":"<p>Kauksin ranta on maalauksellisen kaunis paikka Peipsij\u00e4rven l\u00e4nsirannalla. Peipsi on yksi Euroopan suurimmista j\u00e4rvist\u00e4 ja Kauksin ranta koko Viron pisin hiekkaranta. Eksoottinen j\u00e4rvi, kuuma hiekka ja sen vierell\u00e4 viilennyst\u00e4 ja varjoa tarjoava m\u00e4ntymets\u00e4 muodostavat ainutlaatuisen kokonaisuuden: ei siis ihme, ett\u00e4 Kauksin ranta on Virossa hyvin tunnettu ja rakastettu lomakohde.&nbsp; Vuonna 2021 rannalle avattiin arkkitehtitoimisto KAOSin [&hellip;]<\/p>\n","protected":false},"author":1,"featured_media":0,"parent":0,"menu_order":0,"comment_status":"closed","ping_status":"closed","template":"","meta":[],"_links":{"self":[{"href":"https:\/\/alutagusemaa.ee\/kauksirannahoone\/fi\/wp-json\/wp\/v2\/pages\/225"}],"collection":[{"href":"https:\/\/alutagusemaa.ee\/kauksirannahoone\/fi\/wp-json\/wp\/v2\/pages"}],"about":[{"href":"https:\/\/alutagusemaa.ee\/kauksirannahoone\/fi\/wp-json\/wp\/v2\/types\/page"}],"author":[{"embeddable":true,"href":"https:\/\/alutagusemaa.ee\/kauksirannahoone\/fi\/wp-json\/wp\/v2\/users\/1"}],"replies":[{"embeddable":true,"href":"https:\/\/alutagusemaa.ee\/kauksirannahoone\/fi\/wp-json\/wp\/v2\/comments?post=225"}],"version-history":[{"count":11,"href":"https:\/\/alutagusemaa.ee\/kauksirannahoone\/fi\/wp-json\/wp\/v2\/pages\/225\/revisions"}],"predecessor-version":[{"id":373,"href":"https:\/\/alutagusemaa.ee\/kauksirannahoone\/fi\/wp-json\/wp\/v2\/pages\/225\/revisions\/373"}],"wp:attachment":[{"href":"https:\/\/alutagusemaa.ee\/kauksirannahoone\/fi\/wp-json\/wp\/v2\/media?parent=225"}],"curies":[{"name":"wp","href":"https:\/\/api.w.org\/{rel}","templated":true}]}}