{"id":164,"date":"2022-04-29T14:38:52","date_gmt":"2022-04-29T14:38:52","guid":{"rendered":"https:\/\/alutagusemaa.ee\/kauksirannahoone\/avasta-kauksit\/"},"modified":"2022-06-20T09:08:51","modified_gmt":"2022-06-20T09:08:51","slug":"discover-kauksi","status":"publish","type":"page","link":"https:\/\/alutagusemaa.ee\/kauksirannahoone\/en\/discover-kauksi\/","title":{"rendered":"Discover Kauksi"},"content":{"rendered":"\n<div class=\"wp-block-edhotels-background-image undefined background alignfull intro\" style=\"min-height:100vh\"><div class=\"side-bar\"><\/div><img width=\"2000\" height=\"1224\" src=\"https:\/\/alutagusemaa.ee\/kauksirannahoone\/wp-content\/uploads\/sites\/2\/2022\/04\/Rand-2-1.jpg\" alt=\"\" loading=\"lazy\" style=\"object-position:50% 50%\" class=\"wp-image-17\" srcset=\"https:\/\/alutagusemaa.ee\/kauksirannahoone\/wp-content\/uploads\/sites\/2\/2022\/04\/Rand-2-1.jpg 2000w, https:\/\/alutagusemaa.ee\/kauksirannahoone\/wp-content\/uploads\/sites\/2\/2022\/04\/Rand-2-1-300x184.jpg 300w, https:\/\/alutagusemaa.ee\/kauksirannahoone\/wp-content\/uploads\/sites\/2\/2022\/04\/Rand-2-1-1024x627.jpg 1024w, https:\/\/alutagusemaa.ee\/kauksirannahoone\/wp-content\/uploads\/sites\/2\/2022\/04\/Rand-2-1-768x470.jpg 768w, https:\/\/alutagusemaa.ee\/kauksirannahoone\/wp-content\/uploads\/sites\/2\/2022\/04\/Rand-2-1-1536x940.jpg 1536w\" sizes=\"(max-width: 2000px) 100vw, 2000px\" \/><\/div>\n\n\n\n<div class=\"wp-block-edhotels-big-heading intro\"><h1>AVASTA KAUKSIT<\/h1><\/div>\n\n\n\n<div class=\"wp-container-1 wp-block-group intro has-black-color has-text-color has-white-background-color has-background\">\n<p>Kauksi Rannahoone asub Ida-Virumaal, pikkade rannapuhkuse traditsioonidega Kauksi k\u00fclas, Peipsi j\u00e4rve liivasel rannikul. See on ideaalne koht, kuhu linnak\u00e4ra eest p\u00f5geneda ja nautida rannav\u00f5lusid, lasta end inspireerida maalilisest loodusest ning avastada t\u00e4iesti uut sihtkohta Eesti idanurgas. Alutagusemaa on tuntud just oma erilise looduse poolest \u2013 siin, Peipsi p\u00f5hjarannikul kulgeb Eesti k\u00f5ige pikem liivarand. Alutagusemaal asub ka Eesti suurim j\u00e4rvestik ning kaunis osoonirikas m\u00e4nnimets. Rannahoone l\u00e4hi\u00fcmbruses on rikkalikult erinevaid turismiobjekte, loodusseikluste v\u00f5imalusi ning majutusasutusi, mis teevad sellest suurep\u00e4rase sihtkoha erinevate huvidega inimestele. Tule avasta Kauksit pere, s\u00f5pruskonna v\u00f5i t\u00f6\u00f6kaaslastega!<\/p>\n\n\n\n<h3>KAUKSI<\/h3>\n\n\n\n<p>Kauksi Rannahoone l\u00e4hedal on palju huvitavaid vaatamisv\u00e4\u00e4rsusi: Rannapungerja tuletorn, Tudulinna kaks kirikut, Tudulinna h\u00fcdroelektrijaam, Eesti ainus katusega puusild, J\u00e4ruska sild Lemmakus. Vahetus l\u00e4heduses asuvad RMK Alutaguse rahvuspargi k\u00fclastuskeskus ja loodus\u00f5pperajad, mitmed-mitmed maalililses m\u00e4nnimetsas kulgevad matkarajad, telkimisplatsid ja muidugi 33 kilomeetrit laulvat rannaliiva!<\/p>\n\n\n\n<p>Iisaku Kihelkonna Muuseumis tehakse giidiga tuure nii muuseumis kui looduses, p\u00f5nevaid laternamatku ja \u00f6iseid vaimujuttude seiklusi. Iisakul asuv Alutaguse Juustu k\u00e4sit\u00f6\u00f6juustu meierei v\u00f5tab vastu gruppe ning Alutaguse Huvikeskusest leiab erinevaid s\u00fcndmusi ja kontserte, mis toimuvad kultuurikeskustes ja rahvamajades \u00fcle kogu valla.<\/p>\n\n\n\n<p>Majutusasutusi leiab siin nii suvel kui ka p\u00f5hihooajav\u00e4lisel ajal. Kauksi Puhkek\u00fcla asub kohe rannahoone k\u00fclje all, erinevaid lisav\u00f5imalusi pakuvad veel l\u00e4hedalasuvad Kuru Puhkemaja ja Kauksi Telklaager oma isikliku ujuvsilla, j\u00e4rvetakso ning vees\u00f5iduvahendite rendiga. Tamme Karavaniparis on parkimisplatsid karavanautodele, Kauksi Puhkemajast leiab suitsusauna, Peipsi Puhkemajad pakuvad privaatset elamist keset m\u00e4nnimetsa ning Kuru Villa Kodumajutus aitab viia k\u00fclalised paadiga Peipsile kalale.<\/p>\n\n\n\n<div class=\"wp-block-edhotels-content-slick content columns\">\n<div class=\"wp-block-edhotels-content column\" style=\"justify-content:center\">\n<p>Seigelda saab koos Alutaguse Matkaklubiga nii kanuudega Rannapungerja j\u00f5el kui r\u00e4\u00e4tsamatkadel soos. Suviti tegutseb rannas M\u00f5lasurf, kes laenutab SUP-aerulaudu Peipsi j\u00e4rvel s\u00f5itmiseks. Alutagusel on kokku k\u00fcmme discgolfi rada, millest 18 korviga Iisaku rada ning 9 korviga Tudulinna rada asuvad Kauksist vaid m\u00f5ne kilomeetri kaugusel.&nbsp;<\/p>\n<\/div>\n\n\n\n<div class=\"wp-block-edhotels-slick column\"><div class=\"side-gallery\"><img width=\"2000\" height=\"1231\" class=\"attachment-large size-large lazy wp-image-16\" data-src=\"https:\/\/alutagusemaa.ee\/kauksirannahoone\/wp-content\/uploads\/sites\/2\/2022\/04\/Rand-1.jpg\" data-id=\"16\" src=\"https:\/\/alutagusemaa.ee\/kauksirannahoone\/wp-content\/uploads\/sites\/2\/2022\/04\/Rand-1-1024x630.jpg\" loading=\"lazy\" srcset=\"https:\/\/alutagusemaa.ee\/kauksirannahoone\/wp-content\/uploads\/sites\/2\/2022\/04\/Rand-1.jpg 2000w, https:\/\/alutagusemaa.ee\/kauksirannahoone\/wp-content\/uploads\/sites\/2\/2022\/04\/Rand-1-300x185.jpg 300w, https:\/\/alutagusemaa.ee\/kauksirannahoone\/wp-content\/uploads\/sites\/2\/2022\/04\/Rand-1-1024x630.jpg 1024w, https:\/\/alutagusemaa.ee\/kauksirannahoone\/wp-content\/uploads\/sites\/2\/2022\/04\/Rand-1-768x473.jpg 768w, https:\/\/alutagusemaa.ee\/kauksirannahoone\/wp-content\/uploads\/sites\/2\/2022\/04\/Rand-1-1536x945.jpg 1536w\" sizes=\"(max-width: 2000px) 100vw, 2000px\" \/><\/div><\/div>\n<\/div>\n\n\n\n<h3>ALUTAGUSEMAA<\/h3>\n\n\n\n<p>Alutagusemaal jagub palju avastamist! Pikemalt saab aega veeta Iisaku muuseumis, Kurem\u00e4e kloostris, k\u00fclastada Vasknarvas v\u00e4rskelt valminud Vasknarva Sadamat ning Ordulinnuse varemeid, uudistada Prohvet Eelija skeetat ning Illuka m\u00f5isa. Pikema puhkuse saab planeerida M\u00e4etaguse m\u00f5isahotelli ja spaasse v\u00f5i veeta terve p\u00e4eva Alutaguse Spordi- ja Puhkekeskuse seiklusmaal.<\/p>\n\n\n\n<p>Alutaguse imeline loodus pakub nii omal k\u00e4el avastamist \u2013 n\u00e4iteks Alutaguse rahvuspargis, Eesti suurimas, Kurtna j\u00e4rvestikus ja mitmetel matkaradadel looduskaunites kohtades \u2013 kui ka seiklusretkede korraldajate kaudu, kes pakuvad seiklusmatku jalgsi, kanuuga, r\u00e4\u00e4tsadel v\u00f5i ATV-ga.&nbsp;<\/p>\n\n\n\n<h3>\u00dcRITUSED<\/h3>\n\n\n\n<p>Ida-Virumaal toimub ohtralt huvitavaid p\u00fcsi\u00fcritusi. Kindlasti tasub saada osa Ida-Viru maitseseiklusest novembris ja Ida-Viru SeiklusFestist juunis. Alates 2021. aastast toimub Kauksi k\u00fclas erakordne muusikafestival M\u00e4gede H\u00e4\u00e4l. Aastaringi toimuvad piirkonnas erinevad jooksu-, suusa- ja rattamaratonid, talviti j\u00f5ululaadad ning suviti kontserdid. N\u00e4iteks toimub Kauksi Rannahoone vahetus l\u00e4heduses Rannapungerja Tuletorni suvekontsert.<\/p>\n\n\n\n<p>Rohkem infot leiad <a rel=\"noreferrer noopener\" href=\"https:\/\/idaviru.ee\/object\/2174108\/loodusrupes-alutagusemaa\/\" target=\"_blank\">Ida-Viru Seiklusmaa<\/a>&nbsp;lehelt ning&nbsp;<a rel=\"noreferrer noopener\" href=\"https:\/\/www.puhkaeestis.ee\/et\/otsing?newsearch=newsearch&amp;q=Alutaguse&amp;oldcategory=&amp;oldregion=&amp;region=&amp;cities%5B%5D=&amp;resultscount=20&amp;sortby=&amp;dir=&amp;lat=&amp;lng=&amp;selected_pager=1&amp;total_results=104\" target=\"_blank\">Puhka Eestist<\/a>.<\/p>\n<\/div>\n","protected":false},"excerpt":{"rendered":"<p>Kauksi Rannahoone asub Ida-Virumaal, pikkade rannapuhkuse traditsioonidega Kauksi k\u00fclas, Peipsi j\u00e4rve liivasel rannikul. See on ideaalne koht, kuhu linnak\u00e4ra eest p\u00f5geneda ja nautida rannav\u00f5lusid, lasta end inspireerida maalilisest loodusest ning avastada t\u00e4iesti uut sihtkohta Eesti idanurgas. Alutagusemaa on tuntud just oma erilise looduse poolest \u2013 siin, Peipsi p\u00f5hjarannikul kulgeb Eesti k\u00f5ige pikem liivarand. Alutagusemaal asub [&hellip;]<\/p>\n","protected":false},"author":1,"featured_media":0,"parent":0,"menu_order":0,"comment_status":"closed","ping_status":"closed","template":"","meta":[],"_links":{"self":[{"href":"https:\/\/alutagusemaa.ee\/kauksirannahoone\/en\/wp-json\/wp\/v2\/pages\/164"}],"collection":[{"href":"https:\/\/alutagusemaa.ee\/kauksirannahoone\/en\/wp-json\/wp\/v2\/pages"}],"about":[{"href":"https:\/\/alutagusemaa.ee\/kauksirannahoone\/en\/wp-json\/wp\/v2\/types\/page"}],"author":[{"embeddable":true,"href":"https:\/\/alutagusemaa.ee\/kauksirannahoone\/en\/wp-json\/wp\/v2\/users\/1"}],"replies":[{"embeddable":true,"href":"https:\/\/alutagusemaa.ee\/kauksirannahoone\/en\/wp-json\/wp\/v2\/comments?post=164"}],"version-history":[{"count":3,"href":"https:\/\/alutagusemaa.ee\/kauksirannahoone\/en\/wp-json\/wp\/v2\/pages\/164\/revisions"}],"predecessor-version":[{"id":229,"href":"https:\/\/alutagusemaa.ee\/kauksirannahoone\/en\/wp-json\/wp\/v2\/pages\/164\/revisions\/229"}],"wp:attachment":[{"href":"https:\/\/alutagusemaa.ee\/kauksirannahoone\/en\/wp-json\/wp\/v2\/media?parent=164"}],"curies":[{"name":"wp","href":"https:\/\/api.w.org\/{rel}","templated":true}]}}